{"id":2279,"date":"2007-09-26T14:23:45","date_gmt":"2007-09-26T12:23:45","guid":{"rendered":"https:\/\/yverkehrsplanung.de\/traffic-models\/"},"modified":"2025-09-24T11:56:02","modified_gmt":"2025-09-24T09:56:02","slug":"traffic-models","status":"publish","type":"page","link":"https:\/\/yverkehrsplanung.de\/en\/traffic-models\/","title":{"rendered":"Traffic models"},"content":{"rendered":"<h2>Anlass und Zweck<\/h2>\n<p>Die realistische Absch\u00e4tzung der Wirkung von verkehrlichen Ma\u00dfnahmen ist eine wesentliche Grundlage f\u00fcr deren Beurteilung. Hierf\u00fcr setzen wir moderne Planungstools ein: multimodale Verkehrsnachfragemodelle.<\/p>\n<p>Die Ergebnisse der Modelle bilden die quantitative Basis von Verkehrskonzepten und innovativen L\u00f6sungen f\u00fcr die aktuelle und zuk\u00fcnftige Mobilit\u00e4t und erm\u00f6glichen eine solide Entscheidungsgrundlage, z. B. f\u00fcr die Bewertung von Infrastrukturma\u00dfnahmen.<\/p>\n<h2>Was sind Verkehrsnachfragemodelle?<\/h2>\n<p>Verkehrsnachfragemodelle sind ein vereinfachtes Abbild der Realit\u00e4t. Sie quantifizieren Wirkungszusammenh\u00e4nge und erm\u00f6glichen eine realit\u00e4tsnahe Vorhersage der Wirkung von Ma\u00dfnahmen. Unsere Verkehrsmodelle sind in aller Regel multimodal und ber\u00fccksichtigen somit neben dem Kfz-Verkehr und dem \u00d6ffentlichen Verkehr selbstverst\u00e4ndlich auch den Rad- und Fu\u00dfverkehr.<\/p>\n<h2>Unser Portfolio<\/h2>\n<p>Wir bieten folgende Leistungen an:<\/p>\n<ul>\n<li>Management von Verkehrsdaten und GIS-Analysen,<\/li>\n<li>Strukturdatenanalysen,<\/li>\n<li>multimodale Verkehrsnachfragemodelle,<\/li>\n<li>Erreichbarkeitsanalysen,<\/li>\n<li>Wirtschaftsverkehrsmodelle,<\/li>\n<li>Motorisierungsprognosen.<\/li>\n<\/ul>\n<h2>Datengrundlagen<\/h2>\n<p>Basis der Verkehrsmodelle sind<\/p>\n<ul>\n<li>umfangreiche soziodemografische Daten,<\/li>\n<li>Daten des Verkehrsangebotes (Verkehrsnetz, Fahrplanangebot) und<\/li>\n<li>Daten des Verkehrsverhaltens, die aus Haushaltsbefragungen gewonnen werden.<\/li>\n<\/ul>\n<p>Wir beraten Sie gern, welche Grundlagendaten erforderlich sind und wie diese Daten beschafft und aufbereitet werden k\u00f6nnen. Wir verf\u00fcgen \u00fcber Erfahrungen, wie gegebenenfalls bestehende Datenl\u00fccken geschlossen werden k\u00f6nnen.<\/p>\n","protected":false},"excerpt":{"rendered":"<p>Anlass und Zweck Die realistische Absch\u00e4tzung der Wirkung von verkehrlichen Ma\u00dfnahmen ist eine wesentliche Grundlage f\u00fcr deren Beurteilung. Hierf\u00fcr setzen wir moderne Planungstools ein: multimodale Verkehrsnachfragemodelle. Die Ergebnisse der Modelle bilden die quantitative Basis von Verkehrskonzepten und innovativen L\u00f6sungen f\u00fcr die aktuelle und zuk\u00fcnftige Mobilit\u00e4t und erm\u00f6glichen eine solide Entscheidungsgrundlage, z. B. f\u00fcr die Bewertung von Infrastrukturma\u00dfnahmen. Was sind Verkehrsnachfragemodelle? &#8230; <\/p>\n<div><a href=\"https:\/\/yverkehrsplanung.de\/en\/traffic-models\/\" class=\"more-link\">Read More<\/a><\/div>\n","protected":false},"author":3,"featured_media":1337,"parent":0,"menu_order":0,"comment_status":"closed","ping_status":"closed","template":"template-kompetenzen.php","meta":{"_acf_changed":false,"footnotes":""},"class_list":["post-2279","page","type-page","status-publish","has-post-thumbnail","hentry"],"acf":[],"yoast_head":"<!-- This site is optimized with the Yoast SEO plugin v27.2 - https:\/\/yoast.com\/product\/yoast-seo-wordpress\/ -->\n<title>Traffic models | yverkehrsplanung<\/title>\n<meta name=\"description\" content=\"Traffic models form the quantitative basis of traffic concepts for finding innovative solutions for current and future mobility.\" \/>\n<meta name=\"robots\" content=\"index, follow, max-snippet:-1, max-image-preview:large, max-video-preview:-1\" \/>\n<link rel=\"canonical\" href=\"https:\/\/yverkehrsplanung.de\/en\/traffic-models\/\" \/>\n<meta property=\"og:locale\" content=\"en_US\" \/>\n<meta property=\"og:type\" content=\"article\" \/>\n<meta property=\"og:title\" content=\"Traffic models | yverkehrsplanung\" \/>\n<meta property=\"og:description\" content=\"Traffic models form the quantitative basis of traffic concepts for finding innovative solutions for current and future mobility.\" \/>\n<meta property=\"og:url\" content=\"https:\/\/yverkehrsplanung.de\/en\/traffic-models\/\" \/>\n<meta property=\"og:site_name\" content=\"yverkehrsplanung\" \/>\n<meta property=\"article:modified_time\" content=\"2025-09-24T09:56:02+00:00\" \/>\n<meta property=\"og:image\" content=\"https:\/\/yverkehrsplanung.de\/wp-content\/uploads\/2016\/10\/Halle-Isochronen.webp\" \/>\n\t<meta property=\"og:image:width\" content=\"1500\" \/>\n\t<meta property=\"og:image:height\" content=\"1000\" \/>\n\t<meta property=\"og:image:type\" content=\"image\/webp\" \/>\n<meta name=\"twitter:card\" content=\"summary_large_image\" \/>\n<meta name=\"twitter:label1\" content=\"Est. reading time\" \/>\n\t<meta name=\"twitter:data1\" content=\"1 minute\" \/>\n<script type=\"application\/ld+json\" class=\"yoast-schema-graph\">{\"@context\":\"https:\/\/schema.org\",\"@graph\":[{\"@type\":\"WebPage\",\"@id\":\"https:\/\/yverkehrsplanung.de\/en\/traffic-models\/\",\"url\":\"https:\/\/yverkehrsplanung.de\/en\/traffic-models\/\",\"name\":\"Traffic models | yverkehrsplanung\",\"isPartOf\":{\"@id\":\"https:\/\/yverkehrsplanung.de\/en\/#website\"},\"primaryImageOfPage\":{\"@id\":\"https:\/\/yverkehrsplanung.de\/en\/traffic-models\/#primaryimage\"},\"image\":{\"@id\":\"https:\/\/yverkehrsplanung.de\/en\/traffic-models\/#primaryimage\"},\"thumbnailUrl\":\"https:\/\/yverkehrsplanung.de\/wp-content\/uploads\/2016\/10\/Halle-Isochronen.webp\",\"datePublished\":\"2007-09-26T12:23:45+00:00\",\"dateModified\":\"2025-09-24T09:56:02+00:00\",\"description\":\"Traffic models form the quantitative basis of traffic concepts for finding innovative solutions for current and future mobility.\",\"breadcrumb\":{\"@id\":\"https:\/\/yverkehrsplanung.de\/en\/traffic-models\/#breadcrumb\"},\"inLanguage\":\"en-US\",\"potentialAction\":[{\"@type\":\"ReadAction\",\"target\":[\"https:\/\/yverkehrsplanung.de\/en\/traffic-models\/\"]}]},{\"@type\":\"ImageObject\",\"inLanguage\":\"en-US\",\"@id\":\"https:\/\/yverkehrsplanung.de\/en\/traffic-models\/#primaryimage\",\"url\":\"https:\/\/yverkehrsplanung.de\/wp-content\/uploads\/2016\/10\/Halle-Isochronen.webp\",\"contentUrl\":\"https:\/\/yverkehrsplanung.de\/wp-content\/uploads\/2016\/10\/Halle-Isochronen.webp\",\"width\":1500,\"height\":1000,\"caption\":\"Traffic models\"},{\"@type\":\"BreadcrumbList\",\"@id\":\"https:\/\/yverkehrsplanung.de\/en\/traffic-models\/#breadcrumb\",\"itemListElement\":[{\"@type\":\"ListItem\",\"position\":1,\"name\":\"Startseite\",\"item\":\"https:\/\/yverkehrsplanung.de\/en\/startseite-2\/\"},{\"@type\":\"ListItem\",\"position\":2,\"name\":\"Traffic models\"}]},{\"@type\":\"WebSite\",\"@id\":\"https:\/\/yverkehrsplanung.de\/en\/#website\",\"url\":\"https:\/\/yverkehrsplanung.de\/en\/\",\"name\":\"yverkehrsplanung\",\"description\":\"\",\"potentialAction\":[{\"@type\":\"SearchAction\",\"target\":{\"@type\":\"EntryPoint\",\"urlTemplate\":\"https:\/\/yverkehrsplanung.de\/en\/?s={search_term_string}\"},\"query-input\":{\"@type\":\"PropertyValueSpecification\",\"valueRequired\":true,\"valueName\":\"search_term_string\"}}],\"inLanguage\":\"en-US\"}]}<\/script>\n<!-- \/ Yoast SEO plugin. -->","yoast_head_json":{"title":"Traffic models | yverkehrsplanung","description":"Traffic models form the quantitative basis of traffic concepts for finding innovative solutions for current and future mobility.","robots":{"index":"index","follow":"follow","max-snippet":"max-snippet:-1","max-image-preview":"max-image-preview:large","max-video-preview":"max-video-preview:-1"},"canonical":"https:\/\/yverkehrsplanung.de\/en\/traffic-models\/","og_locale":"en_US","og_type":"article","og_title":"Traffic models | yverkehrsplanung","og_description":"Traffic models form the quantitative basis of traffic concepts for finding innovative solutions for current and future mobility.","og_url":"https:\/\/yverkehrsplanung.de\/en\/traffic-models\/","og_site_name":"yverkehrsplanung","article_modified_time":"2025-09-24T09:56:02+00:00","og_image":[{"width":1500,"height":1000,"url":"https:\/\/yverkehrsplanung.de\/wp-content\/uploads\/2016\/10\/Halle-Isochronen.webp","type":"image\/webp"}],"twitter_card":"summary_large_image","twitter_misc":{"Est. reading time":"1 minute"},"schema":{"@context":"https:\/\/schema.org","@graph":[{"@type":"WebPage","@id":"https:\/\/yverkehrsplanung.de\/en\/traffic-models\/","url":"https:\/\/yverkehrsplanung.de\/en\/traffic-models\/","name":"Traffic models | yverkehrsplanung","isPartOf":{"@id":"https:\/\/yverkehrsplanung.de\/en\/#website"},"primaryImageOfPage":{"@id":"https:\/\/yverkehrsplanung.de\/en\/traffic-models\/#primaryimage"},"image":{"@id":"https:\/\/yverkehrsplanung.de\/en\/traffic-models\/#primaryimage"},"thumbnailUrl":"https:\/\/yverkehrsplanung.de\/wp-content\/uploads\/2016\/10\/Halle-Isochronen.webp","datePublished":"2007-09-26T12:23:45+00:00","dateModified":"2025-09-24T09:56:02+00:00","description":"Traffic models form the quantitative basis of traffic concepts for finding innovative solutions for current and future mobility.","breadcrumb":{"@id":"https:\/\/yverkehrsplanung.de\/en\/traffic-models\/#breadcrumb"},"inLanguage":"en-US","potentialAction":[{"@type":"ReadAction","target":["https:\/\/yverkehrsplanung.de\/en\/traffic-models\/"]}]},{"@type":"ImageObject","inLanguage":"en-US","@id":"https:\/\/yverkehrsplanung.de\/en\/traffic-models\/#primaryimage","url":"https:\/\/yverkehrsplanung.de\/wp-content\/uploads\/2016\/10\/Halle-Isochronen.webp","contentUrl":"https:\/\/yverkehrsplanung.de\/wp-content\/uploads\/2016\/10\/Halle-Isochronen.webp","width":1500,"height":1000,"caption":"Traffic models"},{"@type":"BreadcrumbList","@id":"https:\/\/yverkehrsplanung.de\/en\/traffic-models\/#breadcrumb","itemListElement":[{"@type":"ListItem","position":1,"name":"Startseite","item":"https:\/\/yverkehrsplanung.de\/en\/startseite-2\/"},{"@type":"ListItem","position":2,"name":"Traffic models"}]},{"@type":"WebSite","@id":"https:\/\/yverkehrsplanung.de\/en\/#website","url":"https:\/\/yverkehrsplanung.de\/en\/","name":"yverkehrsplanung","description":"","potentialAction":[{"@type":"SearchAction","target":{"@type":"EntryPoint","urlTemplate":"https:\/\/yverkehrsplanung.de\/en\/?s={search_term_string}"},"query-input":{"@type":"PropertyValueSpecification","valueRequired":true,"valueName":"search_term_string"}}],"inLanguage":"en-US"}]}},"_links":{"self":[{"href":"https:\/\/yverkehrsplanung.de\/en\/wp-json\/wp\/v2\/pages\/2279","targetHints":{"allow":["GET"]}}],"collection":[{"href":"https:\/\/yverkehrsplanung.de\/en\/wp-json\/wp\/v2\/pages"}],"about":[{"href":"https:\/\/yverkehrsplanung.de\/en\/wp-json\/wp\/v2\/types\/page"}],"author":[{"embeddable":true,"href":"https:\/\/yverkehrsplanung.de\/en\/wp-json\/wp\/v2\/users\/3"}],"replies":[{"embeddable":true,"href":"https:\/\/yverkehrsplanung.de\/en\/wp-json\/wp\/v2\/comments?post=2279"}],"version-history":[{"count":0,"href":"https:\/\/yverkehrsplanung.de\/en\/wp-json\/wp\/v2\/pages\/2279\/revisions"}],"wp:featuredmedia":[{"embeddable":true,"href":"https:\/\/yverkehrsplanung.de\/en\/wp-json\/wp\/v2\/media\/1337"}],"wp:attachment":[{"href":"https:\/\/yverkehrsplanung.de\/en\/wp-json\/wp\/v2\/media?parent=2279"}],"curies":[{"name":"wp","href":"https:\/\/api.w.org\/{rel}","templated":true}]}}